{"id":1574,"date":"2018-03-13T19:42:20","date_gmt":"2018-03-13T17:42:20","guid":{"rendered":"http:\/\/dobretrejdy.com\/?page_id=1574"},"modified":"2023-08-27T07:47:28","modified_gmt":"2023-08-27T05:47:28","slug":"abeceda","status":"publish","type":"page","link":"https:\/\/dobretrejdy.com\/?page_id=1574","title":{"rendered":"Abeceda"},"content":{"rendered":"<h1 style=\"text-align: center;\"><strong>Abeceda\u00a0<\/strong><\/h1>\n<p style=\"text-align: justify;\"><span style=\"color: #000000;\">\u00a0 \u00a0Z\u00e1lo\u017eka Abeceda je <span style=\"color: #3366ff;\"><strong><a style=\"color: #3366ff;\" href=\"http:\/\/dobretrejdy.com\/?page_id=10\">dal\u0161\u00edm rozcestn\u00edkem<\/a><\/strong><\/span> na tomto webu, kter\u00e1 by m\u011bla zobrazovat jednotliv\u00e9 p\u0159\u00edsp\u011bvky pospojovan\u00e9 jednoduch\u00fdmi vysv\u011btluj\u00edc\u00edmi texty do tvaru virtu\u00e1ln\u00ed p\u0159\u00edru\u010dky obchodn\u00edka, kter\u00fd se chce o fungov\u00e1n\u00ed trh\u016f a vlastn\u00edm obchodov\u00e1n\u00ed n\u011bco nov\u00e9ho dozv\u011bd\u011bt. Bude set\u0159\u00edd\u011bna do n\u011bkolika \u00farovn\u00ed podle jednotliv\u00fdch t\u00e9mat, ka\u017ed\u00e1 \u00farove\u0148 pak bude p\u0159edstavovat samostatnou str\u00e1nku virtu\u00e1ln\u00ed p\u0159\u00edru\u010dky. Na ka\u017edou ze str\u00e1nek pak bude mo\u017en\u00e9 vstupovat tak\u00e9 ze samostatn\u00fdch z\u00e1lo\u017eek na str\u00e1nce Abeceda. Ka\u017ed\u00fd nov\u00fd \u010dl\u00e1nek tak bude za\u0159azen do p\u0159\u00edslu\u0161n\u00e9ho t\u00e9matu na t\u00e9to samostatn\u00e9 z\u00e1lo\u017ece. Prvn\u00ed z\u00e1lo\u017ekou, kter\u00e1 tvo\u0159\u00ed prvn\u00ed kapitolu t\u00e9to p\u0159\u00edru\u010dky jsem nazval <span style=\"color: #3366ff;\"><a style=\"color: #3366ff;\" href=\"http:\/\/dobretrejdy.com\/?page_id=1576\"><strong>Za\u010d\u00edn\u00e1m<\/strong><\/a><\/span>. Vytvo\u0159en\u00ed druh\u00e9 z\u00e1lo\u017eky <a href=\"http:\/\/dobretrejdy.com\/?page_id=2292\"><span style=\"color: #3366ff;\"><strong>Logika kombinac\u00ed<\/strong> <\/span><\/a>by m\u011blo vzniknout na tomto webu m\u00edsto pro \u00favahy a rozbory kombinac\u00ed op\u010dn\u00edch kontrakt\u016f nebo kombinac\u00ed s jejich podkladov\u00fdmi aktivy. T\u0159et\u00ed z\u00e1lo\u017ekou je <a href=\"http:\/\/dobretrejdy.com\/?page_id=3192\"><span style=\"color: #3366ff;\"><strong>Obchodov\u00e1n\u00ed ud\u00e1lost\u00ed<\/strong><\/span><\/a>, na kter\u00e9 jsou seskupeny \u010dl\u00e1nky, kter\u00e9 spojuje spole\u010dn\u00e9 t\u00e9ma, kter\u00fdm je obchodov\u00e1n\u00ed o\u010dek\u00e1van\u00fdch v\u00fdznamn\u00fdch ud\u00e1lost\u00ed v bl\u00edzk\u00e9 budoucnosti podkladov\u00e9ho aktiva, na kter\u00e9 jsou listov\u00e1ny op\u010dn\u00ed kontrakty. Jedn\u00e1 se hlavn\u011b o pravideln\u00e9 vyhla\u0161ov\u00e1n\u00ed hospod\u00e1\u0159sk\u00fdch v\u00fdsledk\u016f (Earnings) a tak\u00e9 pravideln\u00e9 vypl\u00e1cen\u00ed Dividendy. Skupina \u010dl\u00e1nk\u016f, jejich\u017e t\u00e9mata maj\u00ed spole\u010dn\u00e9ho jmenovatele v obchodov\u00e1n\u00ed volatility pomoc\u00ed v\u0161emo\u017en\u00fdch odvozenin &#8211; deriv\u00e1t\u016f, je pak soust\u0159ed\u011bna do rozcestn\u00edkov\u00e9 str\u00e1nky <span style=\"color: #3366ff;\"><strong><a style=\"color: #3366ff;\" href=\"https:\/\/dobretrejdy.com\/?page_id=4057\">Deriv\u00e1ty Volatility<\/a><\/strong><\/span>. Sv\u011bt dluhopis\u016f a dluhopisov\u00fdch deriv\u00e1t\u016f je obrovsk\u00e9 t\u00e9ma, snaha popsat tuto \u010d\u00e1st finan\u010dn\u00edch trh\u016f je vt\u011blena do s\u00e9rie \u010dl\u00e1nk\u016f seskupen\u00fdch na z\u00e1lo\u017ece <span style=\"color: #3366ff;\"><strong><a style=\"color: #3366ff;\" href=\"https:\/\/dobretrejdy.com\/?page_id=6428\">Dluhopisy<\/a><\/strong><\/span>.<\/span><\/p>\n<p>&nbsp;<\/p>\n<h4 style=\"text-align: center;\"><a href=\"http:\/\/dobretrejdy.com\/\"><strong><span style=\"color: #ff0000;\"><span style=\"color: #3366ff;\">zp\u011bt na hlavn\u00ed str\u00e1nku<\/span><\/span><\/strong><\/a><\/h4>\n<h2 style=\"text-align: center;\"><\/h2>\n<p>&nbsp;<\/p>\n","protected":false},"excerpt":{"rendered":"<p>Abeceda\u00a0 \u00a0 \u00a0Z\u00e1lo\u017eka Abeceda je dal\u0161\u00edm rozcestn\u00edkem na tomto webu, kter\u00e1 by m\u011bla zobrazovat jednotliv\u00e9 p\u0159\u00edsp\u011bvky pospojovan\u00e9 jednoduch\u00fdmi vysv\u011btluj\u00edc\u00edmi texty do tvaru virtu\u00e1ln\u00ed p\u0159\u00edru\u010dky obchodn\u00edka, kter\u00fd se chce o fungov\u00e1n\u00ed trh\u016f a vlastn\u00edm obchodov\u00e1n\u00ed n\u011bco nov\u00e9ho dozv\u011bd\u011bt. Bude set\u0159\u00edd\u011bna do n\u011bkolika \u00farovn\u00ed podle jednotliv\u00fdch t\u00e9mat, ka\u017ed\u00e1 \u00farove\u0148 pak bude p\u0159edstavovat <a href=\"https:\/\/dobretrejdy.com\/?page_id=1574\" class=\"read-more\">Continue Reading<i class=\"ion-ios-arrow-right read-more-right\"><\/i><\/a><\/p>\n","protected":false},"author":1,"featured_media":0,"parent":0,"menu_order":3,"comment_status":"closed","ping_status":"closed","template":"","meta":{"jetpack_post_was_ever_published":false,"footnotes":""},"class_list":["post-1574","page","type-page","status-publish","hentry"],"jetpack_sharing_enabled":true,"jetpack_shortlink":"https:\/\/wp.me\/P8zd8A-po","jetpack-related-posts":[{"id":6428,"url":"https:\/\/dobretrejdy.com\/?page_id=6428","url_meta":{"origin":1574,"position":0},"title":"Dluhopisy","author":"dobretrejdy :c)","date":"27.5.2023","format":false,"excerpt":"Dluhopisy \u00a0 \u00a0Tuto podstr\u00e1nku \u201eDluhopisy\u201c jsem vytvo\u0159il proto, abych zde se\u0159adil \u010dl\u00e1nky t\u00fdkaj\u00edc\u00ed se problematiky cenn\u00fdch pap\u00edr\u016f s pevn\u00fdm v\u00fdnosem, zejm\u00e9na dluhopis\u016f a na n\u011b nav\u00e1zan\u00fdch investi\u010dn\u00edch n\u00e1stroj\u016f. Tato str\u00e1nka by tak m\u011bla b\u00fdt m\u00edstem, jak\u00fdmsi miniaturn\u00edm rozcestn\u00edkem t\u00e9to webov\u00e9 str\u00e1nky, kter\u00fd by pomohl v z\u00e1kladn\u00ed orientaci\u00a0 v t\u00e9to velmi\u2026","rel":"","context":"Podobn\u00fd p\u0159\u00edsp\u011bvek","block_context":{"text":"Podobn\u00fd p\u0159\u00edsp\u011bvek","link":""},"img":{"alt_text":"","src":"","width":0,"height":0},"classes":[]},{"id":3192,"url":"https:\/\/dobretrejdy.com\/?page_id=3192","url_meta":{"origin":1574,"position":1},"title":"Obchodov\u00e1n\u00ed ud\u00e1lost\u00ed","author":"dobretrejdy :c)","date":"27.4.2019","format":false,"excerpt":"Obchodov\u00e1n\u00ed ud\u00e1lost\u00ed \u00a0\u00a0 Str\u00e1nku \u201eObchodov\u00e1n\u00ed ud\u00e1lost\u00ed\u201c jsem vytvo\u0159il proto, abych ji doplnil o \u010dl\u00e1nky, kter\u00e9 se nevyskytuj\u00ed na str\u00e1nk\u00e1ch \u201eAbeceda\u201c tohoto webu, ale jsou k\u00a0nalezen\u00ed mezi ji\u017e publikovan\u00fdmi \u010dl\u00e1nky nebo se jedn\u00e1 o \u010dl\u00e1nky, kter\u00e9 svou t\u00e9matickou n\u00e1pln\u00ed souvisej\u00ed pr\u00e1v\u011b s\u00a0ud\u00e1lostmi, kter\u00e9 mohou ovlivnit m\u00e9 obchody. Za ud\u00e1losti ve smyslu\u2026","rel":"","context":"Podobn\u00fd p\u0159\u00edsp\u011bvek","block_context":{"text":"Podobn\u00fd p\u0159\u00edsp\u011bvek","link":""},"img":{"alt_text":"","src":"","width":0,"height":0},"classes":[]},{"id":4057,"url":"https:\/\/dobretrejdy.com\/?page_id=4057","url_meta":{"origin":1574,"position":2},"title":"Deriv\u00e1ty Volatility","author":"dobretrejdy :c)","date":"4.1.2020","format":false,"excerpt":"Deriv\u00e1ty Volatility \u00a0 \u00a0Tento odd\u00edl webov\u00e9 str\u00e1nky p\u0159edstavuje seskupen\u00ed \u010dl\u00e1nk\u016f zab\u00fdvaj\u00edc\u00ed se problematikou Volatility, jako z\u00e1kladn\u00ed hybn\u00e9 s\u00edle samotn\u00fdch trh\u016f a jednou z d\u016fle\u017eit\u00fdch slo\u017eek utv\u00e1\u0159ej\u00edc\u00ed cenu op\u010dn\u00edch kontrakt\u016f. Zachycen\u00ed Volatility obchodovan\u00e9ho titulu pomoc\u00ed ukazatele Beta je p\u0159edm\u011btem tohoto \u010dl\u00e1nku Beta \u2013 I., dozv\u00edte se, jak\u00e1 je jeho konstrukce, jak\u2026","rel":"","context":"Podobn\u00fd p\u0159\u00edsp\u011bvek","block_context":{"text":"Podobn\u00fd p\u0159\u00edsp\u011bvek","link":""},"img":{"alt_text":"","src":"","width":0,"height":0},"classes":[]},{"id":1576,"url":"https:\/\/dobretrejdy.com\/?page_id=1576","url_meta":{"origin":1574,"position":3},"title":"Za\u010d\u00edn\u00e1m","author":"dobretrejdy :c)","date":"13.3.2018","format":false,"excerpt":"Za\u010d\u00edn\u00e1m \u00a0 \u00a0K obchodov\u00e1n\u00ed jsou zapot\u0159eb\u00ed \u010dty\u0159i v\u011bci - Nastaven\u00ed mysli, Obchodn\u00ed dovednosti, Technologie a Pen\u00edze. Prvn\u00ed \u010dl\u00e1nek Cesta do hlubin traderovy du\u0161e\u00a0obsahuje m\u016fj vlastn\u00ed pohled na Nastaven\u00ed mysli a popis osobnostn\u00edch vlastnost\u00ed obchodn\u00edka tak, jak jsem tyto vlastnosti vypozoroval v praktick\u00e9m \u017eivot\u011b obchodn\u00edka pozorov\u00e1n\u00edm sebe sama nebo m\u00fdch \u00fasp\u011b\u0161n\u00fdch\u2026","rel":"","context":"Podobn\u00fd p\u0159\u00edsp\u011bvek","block_context":{"text":"Podobn\u00fd p\u0159\u00edsp\u011bvek","link":""},"img":{"alt_text":"","src":"","width":0,"height":0},"classes":[]},{"id":2292,"url":"https:\/\/dobretrejdy.com\/?page_id=2292","url_meta":{"origin":1574,"position":4},"title":"Logika kombinac\u00ed","author":"dobretrejdy :c)","date":"14.8.2018","format":false,"excerpt":"Logika kombinac\u00ed \u00a0 \u00a0Tento \u010d\u00e1st p\u0159edstavuje sdru\u017een\u00ed \u010dl\u00e1nk\u016f s hlub\u0161\u00edm zamy\u0161len\u00edm nad problematikou op\u010dn\u00edho obchodov\u00e1n\u00ed a m\u011bl by navazovat na str\u00e1nku Za\u010d\u00edn\u00e1m. V \u00favodn\u00edm \u010dl\u00e1nku Syntetick\u00e9 pozice - I. bych cht\u011bl pouk\u00e1zat na z\u00e1kladn\u00ed souvislost mezi cenami op\u010dn\u00edch kontrakt\u016f na stejn\u00e9m strike s malou praktickou uk\u00e1zkou. Jednoduch\u00fd koncept vztahu Call\u2026","rel":"","context":"Podobn\u00fd p\u0159\u00edsp\u011bvek","block_context":{"text":"Podobn\u00fd p\u0159\u00edsp\u011bvek","link":""},"img":{"alt_text":"","src":"","width":0,"height":0},"classes":[]},{"id":8,"url":"https:\/\/dobretrejdy.com\/?page_id=8","url_meta":{"origin":1574,"position":5},"title":"Recenze","author":"dobretrejdy :c)","date":"29.3.2017","format":false,"excerpt":"\u00a0 \u00a0V dne\u0161n\u00edm sv\u011bt\u011b nejroztodivn\u011bj\u0161\u00edch digit\u00e1ln\u00edch m\u00e9di\u00ed z\u016fst\u00e1v\u00e1m st\u00e1le v\u011brn\u00fd fyzick\u00fdm knih\u00e1m s v\u016fn\u00ed pap\u00edru a tiska\u0159sk\u00e9 \u010dern\u011b. St\u00e1le se sna\u017e\u00edm dopl\u0148ovat svou knihovnou literatury s t\u00e9matikou tradingu podle toho, jak tyto knihy pr\u016fb\u011b\u017en\u011b vych\u00e1zej\u00ed, jak jsem na n\u011bkter\u00e9 z nakoupen\u00fdch knih upozorn\u011bn nebo na po\u0159izovanou publikaci n\u011bkdo n\u011bkde odkazuje.\u2026","rel":"","context":"Podobn\u00fd p\u0159\u00edsp\u011bvek","block_context":{"text":"Podobn\u00fd p\u0159\u00edsp\u011bvek","link":""},"img":{"alt_text":"","src":"https:\/\/i0.wp.com\/dobretrejdy.com\/wp-content\/uploads\/2025\/03\/22-03-2025-9-37-45.jpg?resize=350%2C200","width":350,"height":200},"classes":[]}],"_links":{"self":[{"href":"https:\/\/dobretrejdy.com\/index.php?rest_route=\/wp\/v2\/pages\/1574","targetHints":{"allow":["GET"]}}],"collection":[{"href":"https:\/\/dobretrejdy.com\/index.php?rest_route=\/wp\/v2\/pages"}],"about":[{"href":"https:\/\/dobretrejdy.com\/index.php?rest_route=\/wp\/v2\/types\/page"}],"author":[{"embeddable":true,"href":"https:\/\/dobretrejdy.com\/index.php?rest_route=\/wp\/v2\/users\/1"}],"replies":[{"embeddable":true,"href":"https:\/\/dobretrejdy.com\/index.php?rest_route=%2Fwp%2Fv2%2Fcomments&post=1574"}],"version-history":[{"count":12,"href":"https:\/\/dobretrejdy.com\/index.php?rest_route=\/wp\/v2\/pages\/1574\/revisions"}],"predecessor-version":[{"id":6625,"href":"https:\/\/dobretrejdy.com\/index.php?rest_route=\/wp\/v2\/pages\/1574\/revisions\/6625"}],"wp:attachment":[{"href":"https:\/\/dobretrejdy.com\/index.php?rest_route=%2Fwp%2Fv2%2Fmedia&parent=1574"}],"curies":[{"name":"wp","href":"https:\/\/api.w.org\/{rel}","templated":true}]}}